{"id":47,"date":"2016-01-19T16:30:18","date_gmt":"2016-01-19T14:30:18","guid":{"rendered":"http:\/\/new.vernet.lv\/eng\/?page_id=47"},"modified":"2018-03-16T14:32:58","modified_gmt":"2018-03-16T12:32:58","slug":"press","status":"publish","type":"page","link":"https:\/\/www.vernet.lv\/eng\/about-us\/press\/","title":{"rendered":"Press"},"content":{"rendered":"<h2>2007<\/h2>\n<ul>\n<li><b>\u201cJauna VERSIJA kvalitat\u012bvam bezvadu internetam\u201d, interview with Vladimir Karpuhin<\/b>, G.Klavina, &#171;Sakaru Pasaule&#187; N3\u00a0<a href=\"\/lat\/wp-content\/uploads\/2018\/03\/SP_2007_3-AdInt-LAT_PDF.pdf\" target=\"_blank\" rel=\"noopener noreferrer\"><b>[LAT]<\/b><\/a><\/li>\n<li><b>\u201cKosmiskais klimats Arhitektu iel\u0101\u201d<\/b>, &#171;Sakaru Pasaule&#187; N3\u00a0<a href=\"\/lat\/wp-content\/uploads\/2018\/03\/SP_2007_3-Ad-LAT_PDF.pdf\" target=\"_blank\" rel=\"noopener noreferrer\"><b>[LAT]<\/b><\/a><\/li>\n<\/ul>\n<h2>2006<\/h2>\n<ul>\n<li><b>\u201cKlientu versijas par VERSIJAS za\u013cojo\u0161o koku\u201d<\/b>, &#171;Sakaru Pasaule&#187; N3\u00a0<a href=\"\/lat\/wp-content\/uploads\/2018\/03\/SP_2006_3-Ad-LAT_PDF.pdf\" target=\"_blank\" rel=\"noopener noreferrer\"><b>[LAT]<\/b><\/a><\/li>\n<\/ul>\n<h2>2004<\/h2>\n<ul>\n<li><b>\u201cLiel\u0101ks \u0101trums? Oho, &#8212; \u012bsts bezvadu cunami!\u201d, interview with Vladimir Karpuhin<\/b>, G.Klavina, &#171;Sakaru Pasaule&#187; N3\u00a0<a href=\"\/lat\/wp-content\/uploads\/2018\/03\/SP_2004_3-Ad-LAT_PDF.pdf\" target=\"_blank\" rel=\"noopener noreferrer\"><b>[LAT]<\/b><\/a><\/li>\n<\/ul>\n<h2>2003<\/h2>\n<ul>\n<li><b>\u201cKas ir biznesa klases internets?\u201d<\/b>, D.Damberga, &#171;Sakaru Pasaule&#187; N3\u00a0<a href=\"\/lat\/wp-content\/uploads\/2018\/03\/SP_2003_3-Ad-LAT_PDF.pdf\" target=\"_blank\" rel=\"noopener noreferrer\"><b>[LAT]<\/b><\/a><\/li>\n<\/ul>\n<h2>2002<\/h2>\n<ul>\n<li><b>\u201cM\u016bsu VERSIJA par internetu\u201d, interview with Alexey Kostin<\/b>, G.Klavina, &#171;Sakaru Pasaule&#187; N3\u00a0<a href=\"\/lat\/wp-content\/uploads\/2018\/03\/SP_2002_3-Ad-LAT_PDF.pdf\" target=\"_blank\" rel=\"noopener noreferrer\"><b>[LAT]<\/b><\/a><\/li>\n<\/ul>\n<h2>2001<\/h2>\n<ul>\n<li><b>\u201cDesmitgades ra\u017ea &#8212; jubilejas gald\u0101\u201d<\/b>, &#171;Sakaru Pasaule&#187; N3\u00a0<a href=\"\/lat\/wp-content\/uploads\/2018\/03\/SP_2001_3-Ad-LAT_PDF.pdf\" target=\"_blank\" rel=\"noopener noreferrer\"><b>[LAT]<\/b><\/a><\/li>\n<\/ul>\n<h2>1999<\/h2>\n<ul>\n<li><b>\u201cVeiksmes formula: klients = partneris\u201d<\/b>, &#171;Sakaru Pasaule&#187; N4\u00a0<a href=\"\/lat\/wp-content\/uploads\/2018\/03\/SP_1999_4-Ad-LAT_PDF.pdf\" target=\"_blank\" rel=\"noopener noreferrer\"><b>[LAT]<\/b><\/a>\u00a0<a href=\"\/lat\/wp-content\/uploads\/2018\/03\/SP_1999_4-Ad-RUS.pdf\" target=\"_blank\" rel=\"noopener noreferrer\"><b>[RUS]<\/b><\/a><\/li>\n<\/ul>\n<h2>1997<\/h2>\n<ul>\n<li><b>\u201cEUnet: Internet \u0431\u0438\u0437\u043d\u0435\u0441-\u043a\u043b\u0430\u0441\u0441\u0430\u201d<\/b>, M.Kalmikova, &#171;\u0411\u0438\u0437\u043d\u0435\u0441-\u0428\u0430\u043d\u0441&#187; March\u00a0<a href=\"\/lat\/wp-content\/uploads\/2018\/03\/BSH_1997_MAR-Ad-RUS.pdf\" target=\"_blank\" rel=\"noopener noreferrer\"><b>[RUS]<\/b><\/a><\/li>\n<li><b>\u201cEUnet: apsteidzot visus\u201d<\/b>, I.Samovsky, &#171;Sakaru Pasaule&#187; N3\u00a0<a href=\"\/lat\/wp-content\/uploads\/2018\/03\/SP_1997_3-IS-LAT.pdf\" target=\"_blank\" rel=\"noopener noreferrer\"><b>[LAT]<\/b><\/a>\u00a0<a href=\"\/lat\/wp-content\/uploads\/2018\/03\/SP_1997_3-IS-RUS.pdf\" target=\"_blank\" rel=\"noopener noreferrer\"><b>[RUS]<\/b><\/a><\/li>\n<\/ul>\n<h2>1996<\/h2>\n<ul>\n<li><b>\u201cEUnet &#8212; Internet \u0434\u043b\u044f \u0431\u0438\u0437\u043d\u0435\u0441\u0430\u201d<\/b>, M.Kalmikova, &#171;\u041e\u0424\u0418\u0421&#187; December\u00a0<a href=\"\/lat\/wp-content\/uploads\/2018\/03\/Office_1996_DEC-Ad-RUS.pdf\" target=\"_blank\" rel=\"noopener noreferrer\"><b>[RUS]<\/b><\/a><\/li>\n<\/ul>\n","protected":false},"excerpt":{"rendered":"<p>2007 \u201cJauna VERSIJA kvalitat\u012bvam bezvadu internetam\u201d, interview with Vladimir Karpuhin, G.Klavina, &#171;Sakaru Pasaule&#187; N3\u00a0[LAT] \u201cKosmiskais klimats Arhitektu iel\u0101\u201d, &#171;Sakaru Pasaule&#187; N3\u00a0[LAT] 2006 \u201cKlientu versijas par VERSIJAS za\u013cojo\u0161o koku\u201d, &#171;Sakaru Pasaule&#187; N3\u00a0[LAT] 2004 \u201cLiel\u0101ks \u0101trums? Oho, &#8212; \u012bsts bezvadu cunami!\u201d, interview with Vladimir Karpuhin, G.Klavina, &#171;Sakaru Pasaule&#187; N3\u00a0[LAT] 2003 \u201cKas ir biznesa klases internets?\u201d, D.Damberga, &#171;Sakaru [&hellip;]<\/p>\n","protected":false},"author":1,"featured_media":0,"parent":17,"menu_order":0,"comment_status":"closed","ping_status":"closed","template":"","meta":[],"_links":{"self":[{"href":"https:\/\/www.vernet.lv\/eng\/wp-json\/wp\/v2\/pages\/47"}],"collection":[{"href":"https:\/\/www.vernet.lv\/eng\/wp-json\/wp\/v2\/pages"}],"about":[{"href":"https:\/\/www.vernet.lv\/eng\/wp-json\/wp\/v2\/types\/page"}],"author":[{"embeddable":true,"href":"https:\/\/www.vernet.lv\/eng\/wp-json\/wp\/v2\/users\/1"}],"replies":[{"embeddable":true,"href":"https:\/\/www.vernet.lv\/eng\/wp-json\/wp\/v2\/comments?post=47"}],"version-history":[{"count":8,"href":"https:\/\/www.vernet.lv\/eng\/wp-json\/wp\/v2\/pages\/47\/revisions"}],"predecessor-version":[{"id":129,"href":"https:\/\/www.vernet.lv\/eng\/wp-json\/wp\/v2\/pages\/47\/revisions\/129"}],"up":[{"embeddable":true,"href":"https:\/\/www.vernet.lv\/eng\/wp-json\/wp\/v2\/pages\/17"}],"wp:attachment":[{"href":"https:\/\/www.vernet.lv\/eng\/wp-json\/wp\/v2\/media?parent=47"}],"curies":[{"name":"wp","href":"https:\/\/api.w.org\/{rel}","templated":true}]}}