{"id":76,"date":"2016-01-19T16:50:35","date_gmt":"2016-01-19T14:50:35","guid":{"rendered":"http:\/\/new.vernet.lv\/rus\/?page_id=76"},"modified":"2018-03-16T14:38:36","modified_gmt":"2018-03-16T12:38:36","slug":"pressa","status":"publish","type":"page","link":"https:\/\/www.vernet.lv\/rus\/o-nas\/pressa\/","title":{"rendered":"\u041f\u0440\u0435\u0441\u0441\u0430"},"content":{"rendered":"<h2>2007<\/h2>\n<ul>\n<li><b>\u201cJauna VERSIJA kvalitat\u012bvam bezvadu internetam\u201d, \u0438\u043d\u0442\u0435\u0440\u0432\u044c\u044e \u0441 \u0412\u043b\u0430\u0434\u0438\u043c\u0438\u0440\u043e\u043c \u041a\u0430\u0440\u043f\u0443\u0445\u0438\u043d\u044b\u043c<\/b>, \u0413.\u041a\u043b\u044f\u0432\u0438\u043d\u044f, &#171;Sakaru Pasaule&#187; N3\u00a0<a href=\"\/lat\/wp-content\/uploads\/2018\/03\/SP_2007_3-AdInt-LAT_PDF.pdf\" target=\"_blank\" rel=\"noopener noreferrer\"><b>[\u041b\u0410\u0422]<\/b><\/a><\/li>\n<li><b>\u201cKosmiskais klimats Arhitektu iel\u0101\u201d<\/b>, &#171;Sakaru Pasaule&#187; N3\u00a0<a href=\"\/lat\/wp-content\/uploads\/2018\/03\/SP_2007_3-Ad-LAT_PDF.pdf\" target=\"_blank\" rel=\"noopener noreferrer\"><b>[\u041b\u0410\u0422]<\/b><\/a><\/li>\n<\/ul>\n<h2>2006<\/h2>\n<ul>\n<li><b>\u201cKlientu versijas par VERSIJAS za\u013cojo\u0161o koku\u201d<\/b>, &#171;Sakaru Pasaule&#187; N3\u00a0<a href=\"\/lat\/wp-content\/uploads\/2018\/03\/SP_2006_3-Ad-LAT_PDF.pdf\" target=\"_blank\" rel=\"noopener noreferrer\"><b>[\u041b\u0410\u0422]<\/b><\/a><\/li>\n<\/ul>\n<h2>2004<\/h2>\n<ul>\n<li><b>\u201cLiel\u0101ks \u0101trums? Oho, &#8212; \u012bsts bezvadu cunami!\u201d, \u0438\u043d\u0442\u0435\u0440\u0432\u044c\u044e \u0441 \u0412\u043b\u0430\u0434\u0438\u043c\u0438\u0440\u043e\u043c \u041a\u0430\u0440\u043f\u0443\u0445\u0438\u043d\u044b\u043c<\/b>, \u0413.\u041a\u043b\u044f\u0432\u0438\u043d\u044f, &#171;Sakaru Pasaule&#187; N3\u00a0<a href=\"\/lat\/wp-content\/uploads\/2018\/03\/SP_2004_3-Ad-LAT_PDF.pdf\" target=\"_blank\" rel=\"noopener noreferrer\"><b>[\u041b\u0410\u0422]<\/b><\/a><\/li>\n<\/ul>\n<h2>2003<\/h2>\n<ul>\n<li><b>\u201cKas ir biznesa klases internets?\u201d<\/b>, \u0414.\u0414\u0430\u043c\u0431\u0435\u0440\u0433\u0430, &#171;Sakaru Pasaule&#187; N3\u00a0<a href=\"\/lat\/wp-content\/uploads\/2018\/03\/SP_2003_3-Ad-LAT_PDF.pdf\" target=\"_blank\" rel=\"noopener noreferrer\"><b>[<a href=\"\/lat\/wp-content\/uploads\/2018\/03\/SP_2004_3-Ad-LAT_PDF.pdf\" target=\"_blank\" rel=\"noopener noreferrer\">\u041b\u0410\u0422<\/a>]<\/b><\/a><\/li>\n<\/ul>\n<h2>2002<\/h2>\n<ul>\n<li><b>\u201cM\u016bsu VERSIJA par internetu\u201d, \u0438\u043d\u0442\u0435\u0440\u0432\u044c\u044e \u0441 \u0410\u043b\u0435\u043a\u0441\u0435\u0435\u043c \u041a\u043e\u0441\u0442\u0438\u043d\u044b\u043c<\/b>, \u0413.\u041a\u043b\u044f\u0432\u0438\u043d\u044f, &#171;Sakaru Pasaule&#187; N3\u00a0<a href=\"\/lat\/wp-content\/uploads\/2018\/03\/SP_2002_3-Ad-LAT_PDF.pdf\" target=\"_blank\" rel=\"noopener noreferrer\"><b>[<a href=\"\/lat\/wp-content\/uploads\/2018\/03\/SP_2004_3-Ad-LAT_PDF.pdf\" target=\"_blank\" rel=\"noopener noreferrer\">\u041b\u0410\u0422<\/a>]<\/b><\/a><\/li>\n<\/ul>\n<h2>2001<\/h2>\n<ul>\n<li><b>\u201cDesmitgades ra\u017ea &#8212; jubilejas gald\u0101\u201d<\/b>, &#171;Sakaru Pasaule&#187; N3\u00a0<a href=\"\/lat\/wp-content\/uploads\/2018\/03\/SP_2001_3-Ad-LAT_PDF.pdf\" target=\"_blank\" rel=\"noopener noreferrer\"><b>[<a href=\"\/lat\/wp-content\/uploads\/2018\/03\/SP_2004_3-Ad-LAT_PDF.pdf\" target=\"_blank\" rel=\"noopener noreferrer\">\u041b\u0410\u0422<\/a>]<\/b><\/a><\/li>\n<\/ul>\n<h2>1999<\/h2>\n<ul>\n<li><b>\u201cVeiksmes formula: klients = partneris\u201d<\/b>, &#171;Sakaru Pasaule&#187; N4\u00a0<a href=\"\/lat\/wp-content\/uploads\/2018\/03\/SP_1999_4-Ad-LAT_PDF.pdf\" target=\"_blank\" rel=\"noopener noreferrer\"><b>[<a href=\"\/lat\/wp-content\/uploads\/2018\/03\/SP_2004_3-Ad-LAT_PDF.pdf\" target=\"_blank\" rel=\"noopener noreferrer\">\u041b\u0410\u0422<\/a>]<\/b><\/a>\u00a0<a href=\"\/lat\/wp-content\/uploads\/2018\/03\/SP_1999_4-Ad-RUS.pdf\" target=\"_blank\" rel=\"noopener noreferrer\"><b>[\u0420\u0423\u0421]<\/b><\/a><\/li>\n<\/ul>\n<h2>1997<\/h2>\n<ul>\n<li><b>\u201cEUnet: Internet \u0431\u0438\u0437\u043d\u0435\u0441-\u043a\u043b\u0430\u0441\u0441\u0430\u201d<\/b>, \u041c.\u041a\u0430\u043b\u043c\u044b\u043a\u043e\u0432\u0430, &#171;\u0411\u0438\u0437\u043d\u0435\u0441-\u0428\u0430\u043d\u0441&#187; \u041c\u0430\u0440\u0442\u00a0<a href=\"\/lat\/wp-content\/uploads\/2018\/03\/BSH_1997_MAR-Ad-RUS.pdf\" target=\"_blank\" rel=\"noopener noreferrer\"><b>[<a href=\"\/lat\/wp-content\/uploads\/2018\/03\/SP_1999_4-Ad-RUS.pdf\" target=\"_blank\" rel=\"noopener noreferrer\">\u0420\u0423\u0421<\/a>]<\/b><\/a><\/li>\n<li><b>\u201cEUnet: apsteidzot visus\u201d<\/b>, \u0418.\u0421\u0430\u043c\u043e\u0432\u0441\u043a\u0438\u0439, &#171;Sakaru Pasaule&#187; N3\u00a0<a href=\"\/lat\/wp-content\/uploads\/2018\/03\/SP_1997_3-IS-LAT.pdf\" target=\"_blank\" rel=\"noopener noreferrer\"><b>[<a href=\"\/lat\/wp-content\/uploads\/2018\/03\/SP_2004_3-Ad-LAT_PDF.pdf\" target=\"_blank\" rel=\"noopener noreferrer\">\u041b\u0410\u0422<\/a>]<\/b><\/a>\u00a0<a href=\"\/lat\/wp-content\/uploads\/2018\/03\/SP_1997_3-IS-RUS.pdf\" target=\"_blank\" rel=\"noopener noreferrer\"><b>[<a href=\"\/lat\/wp-content\/uploads\/2018\/03\/SP_1999_4-Ad-RUS.pdf\" target=\"_blank\" rel=\"noopener noreferrer\">\u0420\u0423\u0421<\/a>]<\/b><\/a><\/li>\n<\/ul>\n<h2>1996<\/h2>\n<ul>\n<li><b>\u201cEUnet &#8212; Internet \u0434\u043b\u044f \u0431\u0438\u0437\u043d\u0435\u0441\u0430\u201d<\/b>, \u041c.\u041a\u0430\u043b\u043c\u044b\u043a\u043e\u0432\u0430, &#171;\u041e\u0424\u0418\u0421&#187; \u0414\u0435\u043a\u0430\u0431\u0440\u044c\u00a0<a href=\"\/lat\/wp-content\/uploads\/2018\/03\/Office_1996_DEC-Ad-RUS.pdf\" target=\"_blank\" rel=\"noopener noreferrer\"><b>[<a href=\"\/lat\/wp-content\/uploads\/2018\/03\/SP_1999_4-Ad-RUS.pdf\" target=\"_blank\" rel=\"noopener noreferrer\">\u0420\u0423\u0421<\/a>]<\/b><\/a><\/li>\n<\/ul>\n","protected":false},"excerpt":{"rendered":"<p>2007 \u201cJauna VERSIJA kvalitat\u012bvam bezvadu internetam\u201d, \u0438\u043d\u0442\u0435\u0440\u0432\u044c\u044e \u0441 \u0412\u043b\u0430\u0434\u0438\u043c\u0438\u0440\u043e\u043c \u041a\u0430\u0440\u043f\u0443\u0445\u0438\u043d\u044b\u043c, \u0413.\u041a\u043b\u044f\u0432\u0438\u043d\u044f, &#171;Sakaru Pasaule&#187; N3\u00a0[\u041b\u0410\u0422] \u201cKosmiskais klimats Arhitektu iel\u0101\u201d, &#171;Sakaru Pasaule&#187; N3\u00a0[\u041b\u0410\u0422] 2006 \u201cKlientu versijas par VERSIJAS za\u013cojo\u0161o koku\u201d, &#171;Sakaru Pasaule&#187; N3\u00a0[\u041b\u0410\u0422] 2004 \u201cLiel\u0101ks \u0101trums? Oho, &#8212; \u012bsts bezvadu cunami!\u201d, \u0438\u043d\u0442\u0435\u0440\u0432\u044c\u044e \u0441 \u0412\u043b\u0430\u0434\u0438\u043c\u0438\u0440\u043e\u043c \u041a\u0430\u0440\u043f\u0443\u0445\u0438\u043d\u044b\u043c, \u0413.\u041a\u043b\u044f\u0432\u0438\u043d\u044f, &#171;Sakaru Pasaule&#187; N3\u00a0[\u041b\u0410\u0422] 2003 \u201cKas ir biznesa klases internets?\u201d, \u0414.\u0414\u0430\u043c\u0431\u0435\u0440\u0433\u0430, &#171;Sakaru [&hellip;]<\/p>\n","protected":false},"author":1,"featured_media":0,"parent":19,"menu_order":0,"comment_status":"closed","ping_status":"closed","template":"","meta":[],"_links":{"self":[{"href":"https:\/\/www.vernet.lv\/rus\/wp-json\/wp\/v2\/pages\/76"}],"collection":[{"href":"https:\/\/www.vernet.lv\/rus\/wp-json\/wp\/v2\/pages"}],"about":[{"href":"https:\/\/www.vernet.lv\/rus\/wp-json\/wp\/v2\/types\/page"}],"author":[{"embeddable":true,"href":"https:\/\/www.vernet.lv\/rus\/wp-json\/wp\/v2\/users\/1"}],"replies":[{"embeddable":true,"href":"https:\/\/www.vernet.lv\/rus\/wp-json\/wp\/v2\/comments?post=76"}],"version-history":[{"count":8,"href":"https:\/\/www.vernet.lv\/rus\/wp-json\/wp\/v2\/pages\/76\/revisions"}],"predecessor-version":[{"id":165,"href":"https:\/\/www.vernet.lv\/rus\/wp-json\/wp\/v2\/pages\/76\/revisions\/165"}],"up":[{"embeddable":true,"href":"https:\/\/www.vernet.lv\/rus\/wp-json\/wp\/v2\/pages\/19"}],"wp:attachment":[{"href":"https:\/\/www.vernet.lv\/rus\/wp-json\/wp\/v2\/media?parent=76"}],"curies":[{"name":"wp","href":"https:\/\/api.w.org\/{rel}","templated":true}]}}